{"id":10,"date":"2020-03-15T12:00:50","date_gmt":"2020-03-15T11:00:50","guid":{"rendered":"http:\/\/beedrink.be\/?page_id=10"},"modified":"2020-12-16T22:50:03","modified_gmt":"2020-12-16T21:50:03","slug":"limoncello-2","status":"publish","type":"page","link":"https:\/\/beedrink.be\/index.php\/limoncello-2\/","title":{"rendered":"Bonbons"},"content":{"rendered":"<blockquote><p><span style=\"color: #ffff00;\">Apr\u00e8s avoir essay\u00e9 les agrumes et les fruits, les essais sont arriv\u00e9s sur les bonbons.<\/span><\/p>\n<p><span style=\"color: #ffff00;\">Il y a des bonbons tr\u00e8s int\u00e9ressants qu&rsquo;il faut essayer de boire alcoolis\u00e9 !<\/span><\/p>\n<p><span style=\"color: #ffff00;\">Vous pouvez les trouver sur la page d&rsquo;accueil &#8230;<\/span><\/p><\/blockquote>\n","protected":false},"excerpt":{"rendered":"<p>Apr\u00e8s avoir essay\u00e9 les agrumes et les fruits, les essais sont arriv\u00e9s sur les bonbons. Il y a des bonbons tr\u00e8s int\u00e9ressants qu&rsquo;il faut essayer de boire alcoolis\u00e9 ! Vous pouvez les trouver sur la page d&rsquo;accueil &#8230;<\/p>\n","protected":false},"author":1,"featured_media":0,"parent":0,"menu_order":5,"comment_status":"closed","ping_status":"closed","template":"","meta":{"footnotes":""},"class_list":["post-10","page","type-page","status-publish","hentry"],"_links":{"self":[{"href":"https:\/\/beedrink.be\/index.php\/wp-json\/wp\/v2\/pages\/10","targetHints":{"allow":["GET"]}}],"collection":[{"href":"https:\/\/beedrink.be\/index.php\/wp-json\/wp\/v2\/pages"}],"about":[{"href":"https:\/\/beedrink.be\/index.php\/wp-json\/wp\/v2\/types\/page"}],"author":[{"embeddable":true,"href":"https:\/\/beedrink.be\/index.php\/wp-json\/wp\/v2\/users\/1"}],"replies":[{"embeddable":true,"href":"https:\/\/beedrink.be\/index.php\/wp-json\/wp\/v2\/comments?post=10"}],"version-history":[{"count":29,"href":"https:\/\/beedrink.be\/index.php\/wp-json\/wp\/v2\/pages\/10\/revisions"}],"predecessor-version":[{"id":827,"href":"https:\/\/beedrink.be\/index.php\/wp-json\/wp\/v2\/pages\/10\/revisions\/827"}],"wp:attachment":[{"href":"https:\/\/beedrink.be\/index.php\/wp-json\/wp\/v2\/media?parent=10"}],"curies":[{"name":"wp","href":"https:\/\/api.w.org\/{rel}","templated":true}]}}