{"id":2,"date":"2020-03-15T07:00:29","date_gmt":"2020-03-15T06:00:29","guid":{"rendered":"http:\/\/beedrink.be\/?page_id=2"},"modified":"2021-02-27T12:56:49","modified_gmt":"2021-02-27T11:56:49","slug":"a-propos","status":"publish","type":"page","link":"https:\/\/beedrink.be\/index.php\/a-propos\/","title":{"rendered":"\u00c0 propos &#8230;"},"content":{"rendered":"<h1 style=\"text-align: center;\"><span style=\"color: #ffff00;\"><em><strong>BeeDrink<br \/>\n<\/strong><\/em><\/span><\/h1>\n<h6 style=\"text-align: center;\"><span style=\"color: #ffff00;\"><strong><img loading=\"lazy\" decoding=\"async\" class=\"alignnone size-medium wp-image-40\" src=\"http:\/\/beedrink.be\/wp-content\/uploads\/2017\/07\/cropped-Beedrink-1-300x300.png\" alt=\"\" width=\"300\" height=\"300\" srcset=\"https:\/\/beedrink.be\/wp-content\/uploads\/2017\/07\/cropped-Beedrink-1-300x300.png 300w, https:\/\/beedrink.be\/wp-content\/uploads\/2017\/07\/cropped-Beedrink-1-150x150.png 150w, https:\/\/beedrink.be\/wp-content\/uploads\/2017\/07\/cropped-Beedrink-1-270x270.png 270w, https:\/\/beedrink.be\/wp-content\/uploads\/2017\/07\/cropped-Beedrink-1-192x192.png 192w, https:\/\/beedrink.be\/wp-content\/uploads\/2017\/07\/cropped-Beedrink-1-180x180.png 180w, https:\/\/beedrink.be\/wp-content\/uploads\/2017\/07\/cropped-Beedrink-1-32x32.png 32w, https:\/\/beedrink.be\/wp-content\/uploads\/2017\/07\/cropped-Beedrink-1.png 512w\" sizes=\"auto, (max-width: 300px) 100vw, 300px\" \/><\/strong><\/span><\/h6>\n<h2 style=\"text-align: center;\"><span style=\"color: #ffff00;\"><em>Apiculteur et Fabricant de liqueur artisanale<\/em><\/span><\/h2>\n<blockquote><p><span style=\"color: #ffff00;\">Toute l&rsquo;histoire a commenc\u00e9 par la plantation d&rsquo;un verger &#8230;<\/span><br \/>\n<span style=\"color: #ffff00;\"> Que faut-il pour obtenir un fruit ?\u00a0 La fleur doit bien s\u00fbr \u00eatre pollinis\u00e9e !<\/span><br \/>\n<span style=\"color: #ffff00;\"> Mon int\u00e9r\u00eat s&rsquo;est donc port\u00e9 sur les pollinisateurs en 2012.<\/span><br \/>\n<span style=\"color: #ffff00;\"> Sans eux et surtout sans l&rsquo;abeille, la vie serait beaucoup plus difficile sur notre magnifique plan\u00e8te Terre.<\/span><\/p><\/blockquote>\n<h3><span style=\"color: #ffff00;\">D\u00e9but de l&rsquo;apiculture en 2015<\/span><\/h3>\n<blockquote><p><span style=\"color: #ffff00;\">En 2012, avec mon voisin qui est apiculteur, je m&rsquo;informais sur le monde de l&rsquo;abeille qu&rsquo;il connait parfaitement. 2-3 fois, je lui ai dit que \u00e7a me ferait plaisir d&rsquo;en avoir \u00e0 la maison. Un jour, d\u00e9but de l&rsquo;ann\u00e9e 2015, il m&rsquo;a offert une petite ruchette occup\u00e9e par une colonie d&rsquo;abeille. C&rsquo;est bien l\u00e0, le d\u00e9but du commencement !\u00a0 Maintenant, j&rsquo;ai des centaines de milliers de petites copines avec lesquelles je passe du bon temps. J&rsquo;essaye donc bien s\u00fbr de m&rsquo;occuper au mieux d&rsquo;elles.<br \/>\n<\/span><\/p><\/blockquote>\n<h3><span style=\"color: #ffff00;\">D\u00e9but de la fabrication de liqueur artisanale en 2017<\/span><\/h3>\n<blockquote><p><span style=\"color: #ffff00;\">On m&rsquo;a offert une liqueur de fraise maison dans l&rsquo;ann\u00e9e 2016. C&rsquo;est dans cette ann\u00e9e que j&rsquo;ai achet\u00e9 de l&rsquo;alcool pur dans le but d&rsquo;en faire \u00e9galement. D\u00e9but janvier 2017, on m&rsquo;a propos\u00e9 d&rsquo;essayer une recette de \u00ab\u00a0Limoncello\u00a0\u00bb. C&rsquo;est \u00e0 ce moment que l&rsquo;histoire a commenc\u00e9. Aujourd&rsquo;hui, c&rsquo;est toujours une v\u00e9ritable passion \u00a0comme l&rsquo;apiculture.<\/span><\/p>\n<p><span style=\"color: #ffff00;\">Le premier \u00ab\u00a0Limoncello\u00a0\u00bb r\u00e9alis\u00e9, m&rsquo;a sembl\u00e9 trop sucr\u00e9, le suivant \u00e9tait bien meilleur !\u00a0<\/span><span style=\"color: #ffff00;\">Au fur et \u00e0 mesure des essais,\u00a0un bon compromis a donc \u00e9t\u00e9 choisi&#8230; \u00a0<\/span><span style=\"color: #ffff00;\">C&rsquo;est \u00e0 la suite de plusieurs essais que je suis arriv\u00e9 \u00e0 ces liqueurs artisanales \u00a0que vous avez peut-\u00eatre d\u00e9j\u00e0 go\u00fbt\u00e9 ou qui ne va tarder \u00e0 ce faire, je l&rsquo;esp\u00e8re tr\u00e8s vite &#8230; \u00a0 \u00a0<\/span><\/p>\n<p><span style=\"color: #ffff00;\">N&rsquo;h\u00e9sitez pas \u00e0 me contacter la d\u00e9gustation est offerte avec grand plaisir, m\u00eame le weekend ! \ud83d\ude09<\/span><\/p>\n<p><span style=\"color: #ffff00;\"><strong><img loading=\"lazy\" decoding=\"async\" class=\"size-medium wp-image-475 aligncenter\" src=\"http:\/\/beedrink.be\/wp-content\/uploads\/2017\/03\/Carte-de-visite-verso-auteur-1-300x213.jpg\" alt=\"\" width=\"300\" height=\"213\" \/><\/strong><\/span><\/p><\/blockquote>\n","protected":false},"excerpt":{"rendered":"<p>BeeDrink Apiculteur et Fabricant de liqueur artisanale Toute l&rsquo;histoire a commenc\u00e9 par la plantation d&rsquo;un verger &#8230; Que faut-il pour obtenir un fruit ?\u00a0 La fleur doit bien s\u00fbr \u00eatre pollinis\u00e9e ! Mon int\u00e9r\u00eat s&rsquo;est donc port\u00e9 sur les pollinisateurs en 2012. Sans eux et surtout sans l&rsquo;abeille, la vie serait beaucoup plus difficile sur&#8230;<\/p>\n","protected":false},"author":1,"featured_media":40,"parent":0,"menu_order":1,"comment_status":"closed","ping_status":"closed","template":"","meta":{"footnotes":""},"class_list":["post-2","page","type-page","status-publish","has-post-thumbnail","hentry"],"_links":{"self":[{"href":"https:\/\/beedrink.be\/index.php\/wp-json\/wp\/v2\/pages\/2","targetHints":{"allow":["GET"]}}],"collection":[{"href":"https:\/\/beedrink.be\/index.php\/wp-json\/wp\/v2\/pages"}],"about":[{"href":"https:\/\/beedrink.be\/index.php\/wp-json\/wp\/v2\/types\/page"}],"author":[{"embeddable":true,"href":"https:\/\/beedrink.be\/index.php\/wp-json\/wp\/v2\/users\/1"}],"replies":[{"embeddable":true,"href":"https:\/\/beedrink.be\/index.php\/wp-json\/wp\/v2\/comments?post=2"}],"version-history":[{"count":41,"href":"https:\/\/beedrink.be\/index.php\/wp-json\/wp\/v2\/pages\/2\/revisions"}],"predecessor-version":[{"id":905,"href":"https:\/\/beedrink.be\/index.php\/wp-json\/wp\/v2\/pages\/2\/revisions\/905"}],"wp:featuredmedia":[{"embeddable":true,"href":"https:\/\/beedrink.be\/index.php\/wp-json\/wp\/v2\/media\/40"}],"wp:attachment":[{"href":"https:\/\/beedrink.be\/index.php\/wp-json\/wp\/v2\/media?parent=2"}],"curies":[{"name":"wp","href":"https:\/\/api.w.org\/{rel}","templated":true}]}}