{"id":272,"date":"2020-03-15T12:00:59","date_gmt":"2020-03-15T11:00:59","guid":{"rendered":"http:\/\/beedrink.be\/?page_id=272"},"modified":"2020-12-16T22:49:40","modified_gmt":"2020-12-16T21:49:40","slug":"liqueur-dagrume","status":"publish","type":"page","link":"https:\/\/beedrink.be\/index.php\/liqueur-dagrume\/","title":{"rendered":"Agrumes"},"content":{"rendered":"<blockquote><p><span style=\"color: #ffff00;\">Comme tout le monde le sait, le \u00ab\u00a0Limoncello\u00a0\u00bb est obtenu en partant du citron. C&rsquo;est la toute premi\u00e8re recette r\u00e9alis\u00e9e.<br \/>\n<\/span><\/p>\n<p><span style=\"color: #ffff00;\">Par la suite, <\/span><span style=\"color: #ffff00;\">la m\u00eame recette a \u00e9t\u00e9 utilis\u00e9 avec des oranges qui a donn\u00e9 un \u00ab\u00a0Arancello\u00a0\u00bb.<\/span><\/p>\n<p><span style=\"color: #ffff00;\">Et d&rsquo;autres go\u00fbts sont arriv\u00e9s \u00e0 partir de cette recette, tout en changeant simplement l&rsquo;agrume de base.<\/span><\/p>\n<p><span style=\"color: #ffff00;\">Ceux-ci sont obtenus gr\u00e2ce aux zestes de ces fruits.<\/span><\/p>\n<p><span style=\"color: #ffff00;\">Choisissez le go\u00fbt de votre choix sur la page d&rsquo;accueil !<\/span><\/p><\/blockquote>\n","protected":false},"excerpt":{"rendered":"<p>Comme tout le monde le sait, le \u00ab\u00a0Limoncello\u00a0\u00bb est obtenu en partant du citron. C&rsquo;est la toute premi\u00e8re recette r\u00e9alis\u00e9e. Par la suite, la m\u00eame recette a \u00e9t\u00e9 utilis\u00e9 avec des oranges qui a donn\u00e9 un \u00ab\u00a0Arancello\u00a0\u00bb. Et d&rsquo;autres go\u00fbts sont arriv\u00e9s \u00e0 partir de cette recette, tout en changeant simplement l&rsquo;agrume de base. Ceux-ci&#8230;<\/p>\n","protected":false},"author":1,"featured_media":0,"parent":0,"menu_order":3,"comment_status":"closed","ping_status":"closed","template":"","meta":{"footnotes":""},"class_list":["post-272","page","type-page","status-publish","hentry"],"_links":{"self":[{"href":"https:\/\/beedrink.be\/index.php\/wp-json\/wp\/v2\/pages\/272","targetHints":{"allow":["GET"]}}],"collection":[{"href":"https:\/\/beedrink.be\/index.php\/wp-json\/wp\/v2\/pages"}],"about":[{"href":"https:\/\/beedrink.be\/index.php\/wp-json\/wp\/v2\/types\/page"}],"author":[{"embeddable":true,"href":"https:\/\/beedrink.be\/index.php\/wp-json\/wp\/v2\/users\/1"}],"replies":[{"embeddable":true,"href":"https:\/\/beedrink.be\/index.php\/wp-json\/wp\/v2\/comments?post=272"}],"version-history":[{"count":16,"href":"https:\/\/beedrink.be\/index.php\/wp-json\/wp\/v2\/pages\/272\/revisions"}],"predecessor-version":[{"id":825,"href":"https:\/\/beedrink.be\/index.php\/wp-json\/wp\/v2\/pages\/272\/revisions\/825"}],"wp:attachment":[{"href":"https:\/\/beedrink.be\/index.php\/wp-json\/wp\/v2\/media?parent=272"}],"curies":[{"name":"wp","href":"https:\/\/api.w.org\/{rel}","templated":true}]}}