{"id":315,"date":"2020-03-15T00:00:14","date_gmt":"2020-03-14T23:00:14","guid":{"rendered":"http:\/\/beedrink.be\/?page_id=315"},"modified":"2020-12-16T22:50:15","modified_gmt":"2020-12-16T21:50:15","slug":"apiculture","status":"publish","type":"page","link":"https:\/\/beedrink.be\/index.php\/apiculture\/","title":{"rendered":"Apiculture"},"content":{"rendered":"<blockquote><p><span style=\"color: #ffff00;\">Le monde de l&rsquo;abeille est de ce c\u00f4t\u00e9 !<br \/>\n<\/span><\/p>\n<p><span style=\"color: #ffff00;\">N&rsquo;h\u00e9sitez pas \u00e0 me contacter pour du miel ou de l&rsquo;hydromel.<br \/>\n<\/span><\/p>\n<p><span style=\"color: #ffff00;\">Gr\u00e2ce \u00e0 ce miel, et avec une fermentation de plus d&rsquo;un an, on obtient cet Hydromel. <\/span><\/p>\n<p><span style=\"color: #ffff00;\">Les levures transforment le miel en alcool &#8230;<br \/>\n<\/span><\/p>\n<p><span style=\"color: #ffff00;\">Il a aussi comme nom <strong>\u00ab\u00a0l&rsquo;<span class=\"_Tgc\">\u00e9lixir de Dragon\u00a0\u00bb<\/span><\/strong><\/span><\/p>\n<p><span class=\"_Tgc\" style=\"color: #ffff00;\">Il faut savoir que dans la mythologie grecque, l&rsquo;<b>hydromel<\/b> \u00e9tait la liqueur divine des habitants. L&rsquo;<b>hydromel<\/b> \u00e9tait appel\u00e9 autrefois \u00ab\u00a0<b>\u00e9lixir des Dieux<\/b>\u00ab\u00a0<\/span><\/p>\n<p><span style=\"color: #c7c700;\">\u00a0<\/span><\/p><\/blockquote>\n","protected":false},"excerpt":{"rendered":"<p>Le monde de l&rsquo;abeille est de ce c\u00f4t\u00e9 ! N&rsquo;h\u00e9sitez pas \u00e0 me contacter pour du miel ou de l&rsquo;hydromel. Gr\u00e2ce \u00e0 ce miel, et avec une fermentation de plus d&rsquo;un an, on obtient cet Hydromel. Les levures transforment le miel en alcool &#8230; Il a aussi comme nom \u00ab\u00a0l&rsquo;\u00e9lixir de Dragon\u00a0\u00bb Il faut savoir&#8230;<\/p>\n","protected":false},"author":1,"featured_media":0,"parent":0,"menu_order":6,"comment_status":"closed","ping_status":"closed","template":"","meta":{"footnotes":""},"class_list":["post-315","page","type-page","status-publish","hentry"],"_links":{"self":[{"href":"https:\/\/beedrink.be\/index.php\/wp-json\/wp\/v2\/pages\/315","targetHints":{"allow":["GET"]}}],"collection":[{"href":"https:\/\/beedrink.be\/index.php\/wp-json\/wp\/v2\/pages"}],"about":[{"href":"https:\/\/beedrink.be\/index.php\/wp-json\/wp\/v2\/types\/page"}],"author":[{"embeddable":true,"href":"https:\/\/beedrink.be\/index.php\/wp-json\/wp\/v2\/users\/1"}],"replies":[{"embeddable":true,"href":"https:\/\/beedrink.be\/index.php\/wp-json\/wp\/v2\/comments?post=315"}],"version-history":[{"count":11,"href":"https:\/\/beedrink.be\/index.php\/wp-json\/wp\/v2\/pages\/315\/revisions"}],"predecessor-version":[{"id":828,"href":"https:\/\/beedrink.be\/index.php\/wp-json\/wp\/v2\/pages\/315\/revisions\/828"}],"wp:attachment":[{"href":"https:\/\/beedrink.be\/index.php\/wp-json\/wp\/v2\/media?parent=315"}],"curies":[{"name":"wp","href":"https:\/\/api.w.org\/{rel}","templated":true}]}}