{"id":447,"date":"2020-10-03T20:56:27","date_gmt":"2020-10-03T18:56:27","guid":{"rendered":"http:\/\/beedrink.be\/?page_id=447"},"modified":"2020-12-16T22:50:58","modified_gmt":"2020-12-16T21:50:58","slug":"contact","status":"publish","type":"page","link":"https:\/\/beedrink.be\/index.php\/contact\/","title":{"rendered":"Contact"},"content":{"rendered":"<p><span style=\"color: #ffff00;\">Un appel, un SMS, un mail font toujours plaisir que ce soit de la semaine ou le weekend. N&rsquo;h\u00e9sitez pas \u00e0 me contacter.<br \/>\n<\/span><\/p>\n<p><span style=\"color: #ffff00;\">La d\u00e9gustation est offerte \ud83d\ude09<\/span><\/p>\n<p><span style=\"color: #ffff00;\">Ci-dessous mes coordonn\u00e9es, \u00e0 tr\u00e8s vite !<br \/>\n<\/span><\/p>\n<ul>\n<li><span style=\"color: #ffff00;\">Adresse :<\/span><\/li>\n<\/ul>\n<p><span style=\"color: #ffff00;\">Franck Santoni<\/span><\/p>\n<p><span style=\"color: #ffff00;\">Route de Ch\u00e2telet 373\/A<\/span><\/p>\n<p><span style=\"color: #ffff00;\">5621 Morialm\u00e9<\/span><\/p>\n<ul>\n<li><span style=\"color: #ffff00;\">Num\u00e9ro de t\u00e9l\u00e9phone :<\/span><\/li>\n<\/ul>\n<p><span style=\"color: #ffff00;\">0499\/45.58.29<\/span><\/p>\n<ul>\n<li><span style=\"color: #ffff00;\">Adresse mail :<\/span><\/li>\n<\/ul>\n<p><span style=\"color: #ffff00;\">Franck@beedrink.be<\/span><\/p>\n","protected":false},"excerpt":{"rendered":"<p>Un appel, un SMS, un mail font toujours plaisir que ce soit de la semaine ou le weekend. N&rsquo;h\u00e9sitez pas \u00e0 me contacter. La d\u00e9gustation est offerte \ud83d\ude09 Ci-dessous mes coordonn\u00e9es, \u00e0 tr\u00e8s vite ! Adresse : Franck Santoni Route de Ch\u00e2telet 373\/A 5621 Morialm\u00e9 Num\u00e9ro de t\u00e9l\u00e9phone : 0499\/45.58.29 Adresse mail : Franck@beedrink.be<\/p>\n","protected":false},"author":1,"featured_media":0,"parent":0,"menu_order":7,"comment_status":"closed","ping_status":"closed","template":"","meta":{"footnotes":""},"class_list":["post-447","page","type-page","status-publish","hentry"],"_links":{"self":[{"href":"https:\/\/beedrink.be\/index.php\/wp-json\/wp\/v2\/pages\/447","targetHints":{"allow":["GET"]}}],"collection":[{"href":"https:\/\/beedrink.be\/index.php\/wp-json\/wp\/v2\/pages"}],"about":[{"href":"https:\/\/beedrink.be\/index.php\/wp-json\/wp\/v2\/types\/page"}],"author":[{"embeddable":true,"href":"https:\/\/beedrink.be\/index.php\/wp-json\/wp\/v2\/users\/1"}],"replies":[{"embeddable":true,"href":"https:\/\/beedrink.be\/index.php\/wp-json\/wp\/v2\/comments?post=447"}],"version-history":[{"count":7,"href":"https:\/\/beedrink.be\/index.php\/wp-json\/wp\/v2\/pages\/447\/revisions"}],"predecessor-version":[{"id":829,"href":"https:\/\/beedrink.be\/index.php\/wp-json\/wp\/v2\/pages\/447\/revisions\/829"}],"wp:attachment":[{"href":"https:\/\/beedrink.be\/index.php\/wp-json\/wp\/v2\/media?parent=447"}],"curies":[{"name":"wp","href":"https:\/\/api.w.org\/{rel}","templated":true}]}}